{"id":4684,"date":"2019-01-23T09:55:28","date_gmt":"2019-01-23T11:55:28","guid":{"rendered":"https:\/\/atvos.com\/politica-sobre-pessoas\/"},"modified":"2021-06-11T14:26:50","modified_gmt":"2021-06-11T17:26:50","slug":"politica-sobre-pessoas","status":"publish","type":"page","link":"https:\/\/atvos.com\/en\/politica-sobre-pessoas\/","title":{"rendered":"Our People Policy"},"content":{"rendered":"","protected":false},"excerpt":{"rendered":"","protected":false},"author":79,"featured_media":0,"parent":0,"menu_order":0,"comment_status":"closed","ping_status":"closed","template":"templates\/page-politica-sobre-pessoas.php","meta":[],"yoast_head":"<!-- This site is optimized with the Yoast SEO plugin v16.6.1 - https:\/\/yoast.com\/wordpress\/plugins\/seo\/ -->\n<title>Our People Policy - Atvos<\/title>\n<meta name=\"description\" content=\"Na Atvos, acreditamos que as pessoas s\u00e3o agentes de transforma\u00e7\u00e3o. Entenda quais os valores e deveres de cada um de nossos integrantes\" \/>\n<meta name=\"robots\" content=\"index, follow, max-snippet:-1, max-image-preview:large, max-video-preview:-1\" \/>\n<link rel=\"canonical\" href=\"https:\/\/atvos.com\/en\/politica-sobre-pessoas\/\" \/>\n<meta property=\"og:locale\" content=\"en_US\" \/>\n<meta property=\"og:type\" content=\"article\" \/>\n<meta property=\"og:title\" content=\"Our People Policy - Atvos\" \/>\n<meta property=\"og:description\" content=\"Na Atvos, acreditamos que as pessoas s\u00e3o agentes de transforma\u00e7\u00e3o. Entenda quais os valores e deveres de cada um de nossos integrantes\" \/>\n<meta property=\"og:url\" content=\"https:\/\/atvos.com\/en\/politica-sobre-pessoas\/\" \/>\n<meta property=\"og:site_name\" content=\"Atvos\" \/>\n<meta property=\"article:modified_time\" content=\"2021-06-11T17:26:50+00:00\" \/>\n<meta name=\"twitter:card\" content=\"summary_large_image\" \/>\n<script type=\"application\/ld+json\" class=\"yoast-schema-graph\">{\"@context\":\"https:\/\/schema.org\",\"@graph\":[{\"@type\":\"WebSite\",\"@id\":\"https:\/\/atvos.com\/#website\",\"url\":\"https:\/\/atvos.com\/\",\"name\":\"Atvos\",\"description\":\"Lideramos a transi\\u00e7\\u00e3o energ\\u00e9tica para mover o mundo e transformar vidas.\",\"potentialAction\":[{\"@type\":\"SearchAction\",\"target\":{\"@type\":\"EntryPoint\",\"urlTemplate\":\"https:\/\/atvos.com\/?s={search_term_string}\"},\"query-input\":\"required name=search_term_string\"}],\"inLanguage\":\"en-US\"},{\"@type\":\"WebPage\",\"@id\":\"https:\/\/atvos.com\/en\/politica-sobre-pessoas\/#webpage\",\"url\":\"https:\/\/atvos.com\/en\/politica-sobre-pessoas\/\",\"name\":\"Our People Policy - Atvos\",\"isPartOf\":{\"@id\":\"https:\/\/atvos.com\/#website\"},\"datePublished\":\"2019-01-23T11:55:28+00:00\",\"dateModified\":\"2021-06-11T17:26:50+00:00\",\"description\":\"Na Atvos, acreditamos que as pessoas s\\u00e3o agentes de transforma\\u00e7\\u00e3o. Entenda quais os valores e deveres de cada um de nossos integrantes\",\"breadcrumb\":{\"@id\":\"https:\/\/atvos.com\/en\/politica-sobre-pessoas\/#breadcrumb\"},\"inLanguage\":\"en-US\",\"potentialAction\":[{\"@type\":\"ReadAction\",\"target\":[\"https:\/\/atvos.com\/en\/politica-sobre-pessoas\/\"]}]},{\"@type\":\"BreadcrumbList\",\"@id\":\"https:\/\/atvos.com\/en\/politica-sobre-pessoas\/#breadcrumb\",\"itemListElement\":[{\"@type\":\"ListItem\",\"position\":1,\"name\":\"In\\u00edcio\",\"item\":\"https:\/\/atvos.com\/en\/\"},{\"@type\":\"ListItem\",\"position\":2,\"name\":\"Our People Policy\"}]}]}<\/script>\n<!-- \/ Yoast SEO plugin. -->","_links":{"self":[{"href":"https:\/\/atvos.com\/en\/wp-json\/wp\/v2\/pages\/4684"}],"collection":[{"href":"https:\/\/atvos.com\/en\/wp-json\/wp\/v2\/pages"}],"about":[{"href":"https:\/\/atvos.com\/en\/wp-json\/wp\/v2\/types\/page"}],"author":[{"embeddable":true,"href":"https:\/\/atvos.com\/en\/wp-json\/wp\/v2\/users\/79"}],"replies":[{"embeddable":true,"href":"https:\/\/atvos.com\/en\/wp-json\/wp\/v2\/comments?post=4684"}],"version-history":[{"count":1,"href":"https:\/\/atvos.com\/en\/wp-json\/wp\/v2\/pages\/4684\/revisions"}],"predecessor-version":[{"id":4685,"href":"https:\/\/atvos.com\/en\/wp-json\/wp\/v2\/pages\/4684\/revisions\/4685"}],"wp:attachment":[{"href":"https:\/\/atvos.com\/en\/wp-json\/wp\/v2\/media?parent=4684"}],"curies":[{"name":"wp","href":"https:\/\/api.w.org\/{rel}","templated":true}]}}