{"id":511,"date":"2017-12-06T18:27:45","date_gmt":"2017-12-06T20:27:45","guid":{"rendered":"http:\/\/localhost:8888\/_2017\/Odebrecht\/Atvos\/?page_id=511"},"modified":"2023-05-08T10:05:19","modified_gmt":"2023-05-08T13:05:19","slug":"annual-reports","status":"publish","type":"page","link":"https:\/\/atvos.com\/en\/communication\/annual-reports\/","title":{"rendered":"Annual Reports"},"content":{"rendered":"","protected":false},"excerpt":{"rendered":"","protected":false},"author":330,"featured_media":1375,"parent":753,"menu_order":0,"comment_status":"closed","ping_status":"closed","template":"templates\/page-relatorios.php","meta":[],"yoast_head":"<!-- This site is optimized with the Yoast SEO plugin v16.6.1 - https:\/\/yoast.com\/wordpress\/plugins\/seo\/ -->\n<title>Annual Reports - Atvos<\/title>\n<meta name=\"description\" content=\"Nossos resultados, safra por safra, nos conduzem a construir um amanh\u00e3 renov\u00e1vel. Acesse nossos relat\u00f3rios anuais.\" \/>\n<meta name=\"robots\" content=\"index, follow, max-snippet:-1, max-image-preview:large, max-video-preview:-1\" \/>\n<link rel=\"canonical\" href=\"https:\/\/atvos.com\/en\/communication\/annual-reports\/\" \/>\n<meta property=\"og:locale\" content=\"en_US\" \/>\n<meta property=\"og:type\" content=\"article\" \/>\n<meta property=\"og:title\" content=\"Annual Reports - Atvos\" \/>\n<meta property=\"og:description\" content=\"Nossos resultados, safra por safra, nos conduzem a construir um amanh\u00e3 renov\u00e1vel. Acesse nossos relat\u00f3rios anuais.\" \/>\n<meta property=\"og:url\" content=\"https:\/\/atvos.com\/en\/communication\/annual-reports\/\" \/>\n<meta property=\"og:site_name\" content=\"Atvos\" \/>\n<meta property=\"article:modified_time\" content=\"2023-05-08T13:05:19+00:00\" \/>\n<meta property=\"og:image\" content=\"https:\/\/atvos.com\/wp-content\/uploads\/2018\/04\/relatorios.jpg\" \/>\n\t<meta property=\"og:image:width\" content=\"1920\" \/>\n\t<meta property=\"og:image:height\" content=\"448\" \/>\n<meta name=\"twitter:card\" content=\"summary_large_image\" \/>\n<script type=\"application\/ld+json\" class=\"yoast-schema-graph\">{\"@context\":\"https:\/\/schema.org\",\"@graph\":[{\"@type\":\"WebSite\",\"@id\":\"https:\/\/atvos.com\/#website\",\"url\":\"https:\/\/atvos.com\/\",\"name\":\"Atvos\",\"description\":\"Lideramos a transi\\u00e7\\u00e3o energ\\u00e9tica para mover o mundo e transformar vidas.\",\"potentialAction\":[{\"@type\":\"SearchAction\",\"target\":{\"@type\":\"EntryPoint\",\"urlTemplate\":\"https:\/\/atvos.com\/?s={search_term_string}\"},\"query-input\":\"required name=search_term_string\"}],\"inLanguage\":\"en-US\"},{\"@type\":\"ImageObject\",\"@id\":\"https:\/\/atvos.com\/en\/communication\/annual-reports\/#primaryimage\",\"inLanguage\":\"en-US\",\"url\":\"https:\/\/atvos.com\/wp-content\/uploads\/2018\/04\/relatorios.jpg\",\"contentUrl\":\"https:\/\/atvos.com\/wp-content\/uploads\/2018\/04\/relatorios.jpg\",\"width\":1920,\"height\":448},{\"@type\":\"WebPage\",\"@id\":\"https:\/\/atvos.com\/en\/communication\/annual-reports\/#webpage\",\"url\":\"https:\/\/atvos.com\/en\/communication\/annual-reports\/\",\"name\":\"Annual Reports - Atvos\",\"isPartOf\":{\"@id\":\"https:\/\/atvos.com\/#website\"},\"primaryImageOfPage\":{\"@id\":\"https:\/\/atvos.com\/en\/communication\/annual-reports\/#primaryimage\"},\"datePublished\":\"2017-12-06T20:27:45+00:00\",\"dateModified\":\"2023-05-08T13:05:19+00:00\",\"description\":\"Nossos resultados, safra por safra, nos conduzem a construir um amanh\\u00e3 renov\\u00e1vel. Acesse nossos relat\\u00f3rios anuais.\",\"breadcrumb\":{\"@id\":\"https:\/\/atvos.com\/en\/communication\/annual-reports\/#breadcrumb\"},\"inLanguage\":\"en-US\",\"potentialAction\":[{\"@type\":\"ReadAction\",\"target\":[\"https:\/\/atvos.com\/en\/communication\/annual-reports\/\"]}]},{\"@type\":\"BreadcrumbList\",\"@id\":\"https:\/\/atvos.com\/en\/communication\/annual-reports\/#breadcrumb\",\"itemListElement\":[{\"@type\":\"ListItem\",\"position\":1,\"name\":\"In\\u00edcio\",\"item\":\"https:\/\/atvos.com\/en\/\"},{\"@type\":\"ListItem\",\"position\":2,\"name\":\"Communication\",\"item\":\"https:\/\/atvos.com\/en\/communication\/\"},{\"@type\":\"ListItem\",\"position\":3,\"name\":\"Annual Reports\"}]}]}<\/script>\n<!-- \/ Yoast SEO plugin. -->","_links":{"self":[{"href":"https:\/\/atvos.com\/en\/wp-json\/wp\/v2\/pages\/511"}],"collection":[{"href":"https:\/\/atvos.com\/en\/wp-json\/wp\/v2\/pages"}],"about":[{"href":"https:\/\/atvos.com\/en\/wp-json\/wp\/v2\/types\/page"}],"author":[{"embeddable":true,"href":"https:\/\/atvos.com\/en\/wp-json\/wp\/v2\/users\/330"}],"replies":[{"embeddable":true,"href":"https:\/\/atvos.com\/en\/wp-json\/wp\/v2\/comments?post=511"}],"version-history":[{"count":26,"href":"https:\/\/atvos.com\/en\/wp-json\/wp\/v2\/pages\/511\/revisions"}],"predecessor-version":[{"id":6518,"href":"https:\/\/atvos.com\/en\/wp-json\/wp\/v2\/pages\/511\/revisions\/6518"}],"up":[{"embeddable":true,"href":"https:\/\/atvos.com\/en\/wp-json\/wp\/v2\/pages\/753"}],"wp:featuredmedia":[{"embeddable":true,"href":"https:\/\/atvos.com\/en\/wp-json\/wp\/v2\/media\/1375"}],"wp:attachment":[{"href":"https:\/\/atvos.com\/en\/wp-json\/wp\/v2\/media?parent=511"}],"curies":[{"name":"wp","href":"https:\/\/api.w.org\/{rel}","templated":true}]}}