{"id":555,"date":"2017-12-05T19:06:24","date_gmt":"2017-12-05T21:06:24","guid":{"rendered":"http:\/\/localhost:8888\/_2017\/Odebrecht\/Atvos\/?page_id=555"},"modified":"2023-12-07T20:59:34","modified_gmt":"2023-12-07T23:59:34","slug":"home-2","status":"publish","type":"page","link":"https:\/\/atvos.com\/en\/","title":{"rendered":"Home"},"content":{"rendered":"","protected":false},"excerpt":{"rendered":"","protected":false},"author":330,"featured_media":0,"parent":0,"menu_order":0,"comment_status":"closed","ping_status":"closed","template":"templates\/page-home.php","meta":[],"yoast_head":"<!-- This site is optimized with the Yoast SEO plugin v16.6.1 - https:\/\/yoast.com\/wordpress\/plugins\/seo\/ -->\n<title>Home - Atvos<\/title>\n<meta name=\"description\" content=\"A Atvos \u00e9 uma das maiores empresas de energia limpa do Brasil e uma das maiores geradoras de empregos na regi\u00e3o centro-oeste do pa\u00eds.\" \/>\n<meta name=\"robots\" content=\"index, follow, max-snippet:-1, max-image-preview:large, max-video-preview:-1\" \/>\n<link rel=\"canonical\" href=\"https:\/\/atvos.com\/en\/\" \/>\n<meta property=\"og:locale\" content=\"en_US\" \/>\n<meta property=\"og:type\" content=\"article\" \/>\n<meta property=\"og:title\" content=\"Home - Atvos\" \/>\n<meta property=\"og:description\" content=\"A Atvos \u00e9 uma das maiores empresas de energia limpa do Brasil e uma das maiores geradoras de empregos na regi\u00e3o centro-oeste do pa\u00eds.\" \/>\n<meta property=\"og:url\" content=\"https:\/\/atvos.com\/en\/\" \/>\n<meta property=\"og:site_name\" content=\"Atvos\" \/>\n<meta property=\"article:modified_time\" content=\"2023-12-07T23:59:34+00:00\" \/>\n<meta name=\"twitter:card\" content=\"summary_large_image\" \/>\n<script type=\"application\/ld+json\" class=\"yoast-schema-graph\">{\"@context\":\"https:\/\/schema.org\",\"@graph\":[{\"@type\":\"WebSite\",\"@id\":\"https:\/\/atvos.com\/#website\",\"url\":\"https:\/\/atvos.com\/\",\"name\":\"Atvos\",\"description\":\"Lideramos a transi\\u00e7\\u00e3o energ\\u00e9tica para mover o mundo e transformar vidas.\",\"potentialAction\":[{\"@type\":\"SearchAction\",\"target\":{\"@type\":\"EntryPoint\",\"urlTemplate\":\"https:\/\/atvos.com\/?s={search_term_string}\"},\"query-input\":\"required name=search_term_string\"}],\"inLanguage\":\"en-US\"},{\"@type\":\"WebPage\",\"@id\":\"https:\/\/atvos.com\/en\/#webpage\",\"url\":\"https:\/\/atvos.com\/en\/\",\"name\":\"Home - Atvos\",\"isPartOf\":{\"@id\":\"https:\/\/atvos.com\/#website\"},\"datePublished\":\"2017-12-05T21:06:24+00:00\",\"dateModified\":\"2023-12-07T23:59:34+00:00\",\"description\":\"A Atvos \\u00e9 uma das maiores empresas de energia limpa do Brasil e uma das maiores geradoras de empregos na regi\\u00e3o centro-oeste do pa\\u00eds.\",\"breadcrumb\":{\"@id\":\"https:\/\/atvos.com\/en\/#breadcrumb\"},\"inLanguage\":\"en-US\",\"potentialAction\":[{\"@type\":\"ReadAction\",\"target\":[\"https:\/\/atvos.com\/en\/\"]}]},{\"@type\":\"BreadcrumbList\",\"@id\":\"https:\/\/atvos.com\/en\/#breadcrumb\",\"itemListElement\":[{\"@type\":\"ListItem\",\"position\":1,\"name\":\"In\\u00edcio\",\"item\":\"https:\/\/atvos.com\/en\/\"},{\"@type\":\"ListItem\",\"position\":2,\"name\":\"Home\"}]}]}<\/script>\n<!-- \/ Yoast SEO plugin. -->","_links":{"self":[{"href":"https:\/\/atvos.com\/en\/wp-json\/wp\/v2\/pages\/555"}],"collection":[{"href":"https:\/\/atvos.com\/en\/wp-json\/wp\/v2\/pages"}],"about":[{"href":"https:\/\/atvos.com\/en\/wp-json\/wp\/v2\/types\/page"}],"author":[{"embeddable":true,"href":"https:\/\/atvos.com\/en\/wp-json\/wp\/v2\/users\/330"}],"replies":[{"embeddable":true,"href":"https:\/\/atvos.com\/en\/wp-json\/wp\/v2\/comments?post=555"}],"version-history":[{"count":14,"href":"https:\/\/atvos.com\/en\/wp-json\/wp\/v2\/pages\/555\/revisions"}],"predecessor-version":[{"id":7085,"href":"https:\/\/atvos.com\/en\/wp-json\/wp\/v2\/pages\/555\/revisions\/7085"}],"wp:attachment":[{"href":"https:\/\/atvos.com\/en\/wp-json\/wp\/v2\/media?parent=555"}],"curies":[{"name":"wp","href":"https:\/\/api.w.org\/{rel}","templated":true}]}}